{"id":511,"date":"2025-11-12T12:12:42","date_gmt":"2025-11-12T11:12:42","guid":{"rendered":"https:\/\/ombouwen3.043test.nl\/?page_id=511"},"modified":"2026-02-13T07:10:44","modified_gmt":"2026-02-13T06:10:44","slug":"kontakt","status":"publish","type":"page","link":"https:\/\/vandekaartmaastricht.nl\/de\/contact\/","title":{"rendered":"Kontakt"},"content":{"rendered":"<div data-elementor-type=\"wp-page\" data-elementor-id=\"511\" class=\"elementor elementor-511\" data-elementor-post-type=\"page\">\n\t\t\t\t<div class=\"elementor-element elementor-element-645dc095 e-con-full e-flex e-con e-parent\" data-id=\"645dc095\" data-element_type=\"container\" data-e-type=\"container\" data-settings=\"{&quot;background_background&quot;:&quot;classic&quot;,&quot;jet_parallax_layout_list&quot;:[]}\">\n\t\t\t\t<div class=\"elementor-element elementor-element-40541635 elementor-invisible elementor-widget elementor-widget-heading\" data-id=\"40541635\" data-element_type=\"widget\" data-e-type=\"widget\" data-settings=\"{&quot;_animation&quot;:&quot;fadeInUp&quot;,&quot;_animation_delay&quot;:300}\" data-widget_type=\"heading.default\">\n\t\t\t\t<div class=\"elementor-widget-container\">\n\t\t\t\t\t<div class=\"elementor-heading-title elementor-size-default\">Kontakt<\/div>\t\t\t\t<\/div>\n\t\t\t\t<\/div>\n\t\t\t\t<\/div>\n\t\t<div class=\"elementor-element elementor-element-4c588699 e-flex e-con-boxed e-con e-parent\" data-id=\"4c588699\" data-element_type=\"container\" data-e-type=\"container\" data-settings=\"{&quot;background_background&quot;:&quot;classic&quot;,&quot;jet_parallax_layout_list&quot;:[]}\">\n\t\t\t\t\t<div class=\"e-con-inner\">\n\t\t<div class=\"elementor-element elementor-element-3c1df94a e-con-full e-flex elementor-invisible e-con e-child\" data-id=\"3c1df94a\" data-element_type=\"container\" data-e-type=\"container\" data-settings=\"{&quot;animation&quot;:&quot;fadeInLeft&quot;,&quot;animation_delay&quot;:200,&quot;jet_parallax_layout_list&quot;:[]}\">\n\t\t\t\t<div class=\"elementor-element elementor-element-3ec28aa9 elementor-widget elementor-widget-heading\" data-id=\"3ec28aa9\" data-element_type=\"widget\" data-e-type=\"widget\" data-widget_type=\"heading.default\">\n\t\t\t\t<div class=\"elementor-widget-container\">\n\t\t\t\t\t<h2 class=\"elementor-heading-title elementor-size-default\">Kontakt<\/h2>\t\t\t\t<\/div>\n\t\t\t\t<\/div>\n\t\t\t\t<div class=\"elementor-element elementor-element-a14540c elementor-widget-divider--view-line elementor-widget elementor-widget-divider\" data-id=\"a14540c\" data-element_type=\"widget\" data-e-type=\"widget\" data-widget_type=\"divider.default\">\n\t\t\t\t<div class=\"elementor-widget-container\">\n\t\t\t\t\t\t\t<div class=\"elementor-divider\">\n\t\t\t<span class=\"elementor-divider-separator\">\n\t\t\t\t\t\t<\/span>\n\t\t<\/div>\n\t\t\t\t\t\t<\/div>\n\t\t\t\t<\/div>\n\t\t\t\t<div class=\"elementor-element elementor-element-6e631f9 elementor-widget elementor-widget-heading\" data-id=\"6e631f9\" data-element_type=\"widget\" data-e-type=\"widget\" data-widget_type=\"heading.default\">\n\t\t\t\t<div class=\"elementor-widget-container\">\n\t\t\t\t\t<div class=\"elementor-heading-title elementor-size-default\">An unserem sch\u00f6nen Platz Onze Lieve Vrouweplein k\u00f6nnen Sie 7 Tage die Woche fr\u00fchst\u00fccken, zu Mittag essen, trinken und zu Abend essen. Bei sch\u00f6nem Wetter k\u00f6nnen Sie sich auf unserer Sonnenterrasse entspannen. Wir haben jeden Tag von 10:00 bis 22:00 Uhr ge\u00f6ffnet.<\/div>\t\t\t\t<\/div>\n\t\t\t\t<\/div>\n\t\t\t\t<div class=\"elementor-element elementor-element-956623c elementor-icon-list--layout-traditional elementor-list-item-link-full_width elementor-widget elementor-widget-icon-list\" data-id=\"956623c\" data-element_type=\"widget\" data-e-type=\"widget\" data-widget_type=\"icon-list.default\">\n\t\t\t\t<div class=\"elementor-widget-container\">\n\t\t\t\t\t\t\t<ul class=\"elementor-icon-list-items\">\n\t\t\t\t\t\t\t<li class=\"elementor-icon-list-item\">\n\t\t\t\t\t\t\t\t\t\t\t<span class=\"elementor-icon-list-icon\">\n\t\t\t\t\t\t\t<i aria-hidden=\"true\" class=\"lnr lnr-map-marker\"><\/i>\t\t\t\t\t\t<\/span>\n\t\t\t\t\t\t\t\t\t\t<span class=\"elementor-icon-list-text\">Platz der Muttergottes 28<\/span>\n\t\t\t\t\t\t\t\t\t<\/li>\n\t\t\t\t\t\t\t\t<li class=\"elementor-icon-list-item\">\n\t\t\t\t\t\t\t\t\t\t\t<span class=\"elementor-icon-list-icon\">\n\t\t\t\t\t\t\t<i aria-hidden=\"true\" class=\"icon icon-cityscape\"><\/i>\t\t\t\t\t\t<\/span>\n\t\t\t\t\t\t\t\t\t\t<span class=\"elementor-icon-list-text\">6211 HE Maastricht<\/span>\n\t\t\t\t\t\t\t\t\t<\/li>\n\t\t\t\t\t\t\t\t<li class=\"elementor-icon-list-item\">\n\t\t\t\t\t\t\t\t\t\t\t<a href=\"tel:+31433219889\">\n\n\t\t\t\t\t\t\t\t\t\t\t\t<span class=\"elementor-icon-list-icon\">\n\t\t\t\t\t\t\t<i aria-hidden=\"true\" class=\"lnr lnr-phone-handset\"><\/i>\t\t\t\t\t\t<\/span>\n\t\t\t\t\t\t\t\t\t\t<span class=\"elementor-icon-list-text\">+31 43 321 98 89<\/span>\n\t\t\t\t\t\t\t\t\t\t\t<\/a>\n\t\t\t\t\t\t\t\t\t<\/li>\n\t\t\t\t\t\t\t\t<li class=\"elementor-icon-list-item\">\n\t\t\t\t\t\t\t\t\t\t\t<a href=\"mailto:info@vandekaartmaastricht.nl\">\n\n\t\t\t\t\t\t\t\t\t\t\t\t<span class=\"elementor-icon-list-icon\">\n\t\t\t\t\t\t\t<i aria-hidden=\"true\" class=\"icon icon-email\"><\/i>\t\t\t\t\t\t<\/span>\n\t\t\t\t\t\t\t\t\t\t<span class=\"elementor-icon-list-text\">info@vandekaartmaastricht.nl<\/span>\n\t\t\t\t\t\t\t\t\t\t\t<\/a>\n\t\t\t\t\t\t\t\t\t<\/li>\n\t\t\t\t\t\t<\/ul>\n\t\t\t\t\t\t<\/div>\n\t\t\t\t<\/div>\n\t\t\t\t<\/div>\n\t\t<div class=\"elementor-element elementor-element-1964aa4a e-con-full e-flex elementor-invisible e-con e-child\" data-id=\"1964aa4a\" data-element_type=\"container\" data-e-type=\"container\" data-settings=\"{&quot;background_background&quot;:&quot;classic&quot;,&quot;animation&quot;:&quot;fadeInUp&quot;,&quot;animation_delay&quot;:200,&quot;jet_parallax_layout_list&quot;:[]}\">\n\t\t\t\t<\/div>\n\t\t\t\t\t<\/div>\n\t\t\t\t<\/div>\n\t\t<div class=\"elementor-element elementor-element-4e3176f8 e-con-full e-flex elementor-invisible e-con e-parent\" data-id=\"4e3176f8\" data-element_type=\"container\" data-e-type=\"container\" data-settings=\"{&quot;animation&quot;:&quot;fadeIn&quot;,&quot;animation_delay&quot;:200,&quot;jet_parallax_layout_list&quot;:[]}\">\n\t\t\t\t<div class=\"elementor-element elementor-element-4576c5e elementor-widget elementor-widget-image\" data-id=\"4576c5e\" data-element_type=\"widget\" data-e-type=\"widget\" data-widget_type=\"image.default\">\n\t\t\t\t<div class=\"elementor-widget-container\">\n\t\t\t\t\t\t\t\t\t\t\t\t\t\t\t\t<a href=\"https:\/\/www.maastrichtbereikbaar.nl\/kaart\/plattegrond-maastricht?companylnglat=%5B5.69233485,%2050.847836753%5D&#038;companyname=Restaurant%20Van%20De%20Kaart%20&#038;companypostalcode=6211%20HE&#038;companystreet=Onze%20Lieve%20Vrouweplein%2028&#038;companycity=Maastricht&#038;lat=50.847836753&#038;lng=5.69233485&#038;zoom=16&#038;language=nl&#038;queryto=Restaurant%20Van%20De%20Kaart,%20Onze%20Lieve%20Vrouweplein%2028,%20Maastricht,%20Nederland\" target=\"_blank\" rel=\"noopener\">\n\t\t\t\t\t\t\t<img fetchpriority=\"high\" decoding=\"async\" width=\"2560\" height=\"664\" src=\"https:\/\/vandekaartmaastricht.nl\/wp-content\/uploads\/2025\/11\/Scherm_afbeelding-2024-09-02-om-10.31.03-scaled.png\" class=\"attachment-full size-full wp-image-513\" alt=\"Gastst\u00e4tte \/ Restaurant Maastricht\" srcset=\"https:\/\/vandekaartmaastricht.nl\/wp-content\/uploads\/2025\/11\/Scherm_afbeelding-2024-09-02-om-10.31.03-scaled.png 2560w, https:\/\/vandekaartmaastricht.nl\/wp-content\/uploads\/2025\/11\/Scherm_afbeelding-2024-09-02-om-10.31.03-300x78.png 300w, https:\/\/vandekaartmaastricht.nl\/wp-content\/uploads\/2025\/11\/Scherm_afbeelding-2024-09-02-om-10.31.03-1024x265.png 1024w, https:\/\/vandekaartmaastricht.nl\/wp-content\/uploads\/2025\/11\/Scherm_afbeelding-2024-09-02-om-10.31.03-768x199.png 768w, https:\/\/vandekaartmaastricht.nl\/wp-content\/uploads\/2025\/11\/Scherm_afbeelding-2024-09-02-om-10.31.03-200x52.png 200w, https:\/\/vandekaartmaastricht.nl\/wp-content\/uploads\/2025\/11\/Scherm_afbeelding-2024-09-02-om-10.31.03-1536x398.png 1536w, https:\/\/vandekaartmaastricht.nl\/wp-content\/uploads\/2025\/11\/Scherm_afbeelding-2024-09-02-om-10.31.03-2048x531.png 2048w, https:\/\/vandekaartmaastricht.nl\/wp-content\/uploads\/2025\/11\/Scherm_afbeelding-2024-09-02-om-10.31.03-18x5.png 18w\" sizes=\"(max-width: 2560px) 100vw, 2560px\" title=\"\">\t\t\t\t\t\t\t\t<\/a>\n\t\t\t\t\t\t\t\t\t\t\t\t\t\t\t<\/div>\n\t\t\t\t<\/div>\n\t\t\t\t<\/div>\n\t\t\t\t<\/div>","protected":false},"excerpt":{"rendered":"<p>Contact Bij ons op het mooie Onze Lieve Vrouweplein kun je 7 dagen per week terecht voor ontbijt, lunch, borrel &amp; diner. Bij mooi weer is het aangenaam vertoeven op ons zonnig terras. We zijn iedere dag geopend van 10:00 tot 22:00 uur. Onze Lieve Vrouweplein 28 6211 HE Maastricht +31 43 321 98 89 [&hellip;]<\/p>\n","protected":false},"author":1,"featured_media":0,"parent":0,"menu_order":0,"comment_status":"closed","ping_status":"closed","template":"elementor_header_footer","meta":{"footnotes":""},"class_list":["post-511","page","type-page","status-publish","hentry"],"_links":{"self":[{"href":"https:\/\/vandekaartmaastricht.nl\/de\/wp-json\/wp\/v2\/pages\/511","targetHints":{"allow":["GET"]}}],"collection":[{"href":"https:\/\/vandekaartmaastricht.nl\/de\/wp-json\/wp\/v2\/pages"}],"about":[{"href":"https:\/\/vandekaartmaastricht.nl\/de\/wp-json\/wp\/v2\/types\/page"}],"author":[{"embeddable":true,"href":"https:\/\/vandekaartmaastricht.nl\/de\/wp-json\/wp\/v2\/users\/1"}],"replies":[{"embeddable":true,"href":"https:\/\/vandekaartmaastricht.nl\/de\/wp-json\/wp\/v2\/comments?post=511"}],"version-history":[{"count":14,"href":"https:\/\/vandekaartmaastricht.nl\/de\/wp-json\/wp\/v2\/pages\/511\/revisions"}],"predecessor-version":[{"id":1175,"href":"https:\/\/vandekaartmaastricht.nl\/de\/wp-json\/wp\/v2\/pages\/511\/revisions\/1175"}],"wp:attachment":[{"href":"https:\/\/vandekaartmaastricht.nl\/de\/wp-json\/wp\/v2\/media?parent=511"}],"curies":[{"name":"wenn","href":"https:\/\/api.w.org\/{rel}","templated":true}]}}